{"id":216,"date":"2023-08-04T08:46:28","date_gmt":"2023-08-04T06:46:28","guid":{"rendered":"https:\/\/be-connected.eu\/?page_id=216"},"modified":"2023-11-13T09:27:31","modified_gmt":"2023-11-13T08:27:31","slug":"supervision-y-gestion-de-la-construccion","status":"publish","type":"page","link":"https:\/\/www.be-connected.eu\/es\/bauuberwachung-und-bauleitung\/","title":{"rendered":"SUPERVISI\u00d3N DE LA CONSTRUCCI\u00d3N Y DIRECCI\u00d3N DE OBRA"},"content":{"rendered":"","protected":false},"excerpt":{"rendered":"","protected":false},"author":1,"featured_media":170,"parent":0,"menu_order":0,"comment_status":"closed","ping_status":"closed","template":"","meta":{"footnotes":""},"class_list":["post-216","page","type-page","status-publish","has-post-thumbnail","hentry"],"_links":{"self":[{"href":"https:\/\/www.be-connected.eu\/es\/wp-json\/wp\/v2\/pages\/216","targetHints":{"allow":["GET"]}}],"collection":[{"href":"https:\/\/www.be-connected.eu\/es\/wp-json\/wp\/v2\/pages"}],"about":[{"href":"https:\/\/www.be-connected.eu\/es\/wp-json\/wp\/v2\/types\/page"}],"author":[{"embeddable":true,"href":"https:\/\/www.be-connected.eu\/es\/wp-json\/wp\/v2\/users\/1"}],"replies":[{"embeddable":true,"href":"https:\/\/www.be-connected.eu\/es\/wp-json\/wp\/v2\/comments?post=216"}],"version-history":[{"count":0,"href":"https:\/\/www.be-connected.eu\/es\/wp-json\/wp\/v2\/pages\/216\/revisions"}],"wp:featuredmedia":[{"embeddable":true,"href":"https:\/\/www.be-connected.eu\/es\/wp-json\/wp\/v2\/media\/170"}],"wp:attachment":[{"href":"https:\/\/www.be-connected.eu\/es\/wp-json\/wp\/v2\/media?parent=216"}],"curies":[{"name":"wp","href":"https:\/\/api.w.org\/{rel}","templated":true}]}}